{"id":1390,"date":"2024-11-14T18:11:33","date_gmt":"2024-11-14T18:11:33","guid":{"rendered":"https:\/\/www.dijitalfikirler.com\/globalmd\/?page_id=1390"},"modified":"2024-11-19T09:34:15","modified_gmt":"2024-11-19T09:34:15","slug":"gce-global-md-portfoy-yonetimi-a-s-aks-girisim-sermayesi-yatirim-fonu","status":"publish","type":"page","link":"https:\/\/www.dijitalfikirler.com\/globalmd\/yatirim-fonlarimiz\/gce-global-md-portfoy-yonetimi-a-s-aks-girisim-sermayesi-yatirim-fonu\/","title":{"rendered":"GCE &#8211; Global MD Portf\u00f6y Y\u00f6netimi A.\u015e. AKS Giri\u015fim Sermayesi Yat\u0131r\u0131m Fonu"},"content":{"rendered":"","protected":false},"excerpt":{"rendered":"","protected":false},"author":1,"featured_media":0,"parent":15,"menu_order":0,"comment_status":"open","ping_status":"closed","template":"","meta":{"footnotes":""},"class_list":["post-1390","page","type-page","status-publish","hentry"],"_links":{"self":[{"href":"https:\/\/www.dijitalfikirler.com\/globalmd\/wp-json\/wp\/v2\/pages\/1390","targetHints":{"allow":["GET"]}}],"collection":[{"href":"https:\/\/www.dijitalfikirler.com\/globalmd\/wp-json\/wp\/v2\/pages"}],"about":[{"href":"https:\/\/www.dijitalfikirler.com\/globalmd\/wp-json\/wp\/v2\/types\/page"}],"author":[{"embeddable":true,"href":"https:\/\/www.dijitalfikirler.com\/globalmd\/wp-json\/wp\/v2\/users\/1"}],"replies":[{"embeddable":true,"href":"https:\/\/www.dijitalfikirler.com\/globalmd\/wp-json\/wp\/v2\/comments?post=1390"}],"version-history":[{"count":1,"href":"https:\/\/www.dijitalfikirler.com\/globalmd\/wp-json\/wp\/v2\/pages\/1390\/revisions"}],"predecessor-version":[{"id":1391,"href":"https:\/\/www.dijitalfikirler.com\/globalmd\/wp-json\/wp\/v2\/pages\/1390\/revisions\/1391"}],"up":[{"embeddable":true,"href":"https:\/\/www.dijitalfikirler.com\/globalmd\/wp-json\/wp\/v2\/pages\/15"}],"wp:attachment":[{"href":"https:\/\/www.dijitalfikirler.com\/globalmd\/wp-json\/wp\/v2\/media?parent=1390"}],"curies":[{"name":"wp","href":"https:\/\/api.w.org\/{rel}","templated":true}]}}