{"id":17,"date":"2022-03-09T15:26:40","date_gmt":"2022-03-09T15:26:40","guid":{"rendered":"https:\/\/www.dijitalfikirler.com\/globalmd\/?page_id=17"},"modified":"2024-11-15T10:11:27","modified_gmt":"2024-11-15T10:11:27","slug":"yatirimci-rehberi","status":"publish","type":"page","link":"https:\/\/www.dijitalfikirler.com\/globalmd\/yatirimci-rehberi\/","title":{"rendered":"Yat\u0131r\u0131mc\u0131 Rehberi"},"content":{"rendered":"","protected":false},"excerpt":{"rendered":"","protected":false},"author":1,"featured_media":0,"parent":0,"menu_order":0,"comment_status":"open","ping_status":"closed","template":"","meta":{"footnotes":""},"class_list":["post-17","page","type-page","status-publish","hentry"],"_links":{"self":[{"href":"https:\/\/www.dijitalfikirler.com\/globalmd\/wp-json\/wp\/v2\/pages\/17","targetHints":{"allow":["GET"]}}],"collection":[{"href":"https:\/\/www.dijitalfikirler.com\/globalmd\/wp-json\/wp\/v2\/pages"}],"about":[{"href":"https:\/\/www.dijitalfikirler.com\/globalmd\/wp-json\/wp\/v2\/types\/page"}],"author":[{"embeddable":true,"href":"https:\/\/www.dijitalfikirler.com\/globalmd\/wp-json\/wp\/v2\/users\/1"}],"replies":[{"embeddable":true,"href":"https:\/\/www.dijitalfikirler.com\/globalmd\/wp-json\/wp\/v2\/comments?post=17"}],"version-history":[{"count":1,"href":"https:\/\/www.dijitalfikirler.com\/globalmd\/wp-json\/wp\/v2\/pages\/17\/revisions"}],"predecessor-version":[{"id":917,"href":"https:\/\/www.dijitalfikirler.com\/globalmd\/wp-json\/wp\/v2\/pages\/17\/revisions\/917"}],"wp:attachment":[{"href":"https:\/\/www.dijitalfikirler.com\/globalmd\/wp-json\/wp\/v2\/media?parent=17"}],"curies":[{"name":"wp","href":"https:\/\/api.w.org\/{rel}","templated":true}]}}